{"id":84,"date":"2024-04-09T15:32:51","date_gmt":"2024-04-09T18:32:51","guid":{"rendered":"https:\/\/liceotomasburgos.cl\/sitio\/?page_id=84"},"modified":"2024-04-12T15:34:33","modified_gmt":"2024-04-12T18:34:33","slug":"oferta-academica","status":"publish","type":"page","link":"https:\/\/liceotomasburgos.cl\/sitio\/oferta-academica\/","title":{"rendered":"Oferta acad\u00e9mica"},"content":{"rendered":"\t\t<div data-elementor-type=\"wp-page\" data-elementor-id=\"84\" class=\"elementor elementor-84\">\n\t\t\t\t<div class=\"elementor-element elementor-element-bc194b8 e-flex e-con-boxed e-con e-parent\" data-id=\"bc194b8\" data-element_type=\"container\" data-e-type=\"container\">\n\t\t\t\t\t<div class=\"e-con-inner\">\n\t\t<div class=\"elementor-element elementor-element-8754b69 e-con-full e-flex e-con e-child\" data-id=\"8754b69\" data-element_type=\"container\" data-e-type=\"container\">\n\t\t\t\t<div class=\"elementor-element elementor-element-9f8685f elementor-widget elementor-widget-heading\" data-id=\"9f8685f\" data-element_type=\"widget\" data-e-type=\"widget\" data-widget_type=\"heading.default\">\n\t\t\t\t<div class=\"elementor-widget-container\">\n\t\t\t\t\t<h2 class=\"elementor-heading-title elementor-size-default\">\u00c1REA CIENTIFICO HUMANISTA<\/h2>\t\t\t\t<\/div>\n\t\t\t\t<\/div>\n\t\t\t\t<div class=\"elementor-element elementor-element-458b1b8 elementor-widget elementor-widget-image\" data-id=\"458b1b8\" data-element_type=\"widget\" data-e-type=\"widget\" data-widget_type=\"image.default\">\n\t\t\t\t<div class=\"elementor-widget-container\">\n\t\t\t\t\t\t\t\t\t\t\t\t\t\t\t\t<a href=\"https:\/\/liceotomasburgos.cl\/sitio\/area-cientifico-humanista\/\">\n\t\t\t\t\t\t\t<img fetchpriority=\"high\" decoding=\"async\" width=\"300\" height=\"300\" src=\"https:\/\/liceotomasburgos.cl\/sitio\/wp-content\/uploads\/2024\/04\/Portada-cientifico.jpg\" class=\"attachment-medium size-medium wp-image-78\" alt=\"\" \/>\t\t\t\t\t\t\t\t<\/a>\n\t\t\t\t\t\t\t\t\t\t\t\t\t\t\t<\/div>\n\t\t\t\t<\/div>\n\t\t\t\t<\/div>\n\t\t<div class=\"elementor-element elementor-element-eb0331a e-con-full e-flex e-con e-child\" data-id=\"eb0331a\" data-element_type=\"container\" data-e-type=\"container\">\n\t\t\t\t<div class=\"elementor-element elementor-element-9291b17 elementor-widget elementor-widget-heading\" data-id=\"9291b17\" data-element_type=\"widget\" data-e-type=\"widget\" data-widget_type=\"heading.default\">\n\t\t\t\t<div class=\"elementor-widget-container\">\n\t\t\t\t\t<h2 class=\"elementor-heading-title elementor-size-default\">T\u00c9CNICO EN ADMINISTRACI\u00d3N<\/h2>\t\t\t\t<\/div>\n\t\t\t\t<\/div>\n\t\t\t\t<div class=\"elementor-element elementor-element-f4e1d7d elementor-widget elementor-widget-image\" data-id=\"f4e1d7d\" data-element_type=\"widget\" data-e-type=\"widget\" data-widget_type=\"image.default\">\n\t\t\t\t<div class=\"elementor-widget-container\">\n\t\t\t\t\t\t\t\t\t\t\t\t\t\t\t\t<a href=\"https:\/\/liceotomasburgos.cl\/sitio\/tec-administracion\/\">\n\t\t\t\t\t\t\t<img decoding=\"async\" width=\"300\" height=\"300\" src=\"https:\/\/liceotomasburgos.cl\/sitio\/wp-content\/uploads\/2024\/04\/Portada-admin.jpg\" class=\"attachment-medium size-medium wp-image-79\" alt=\"\" \/>\t\t\t\t\t\t\t\t<\/a>\n\t\t\t\t\t\t\t\t\t\t\t\t\t\t\t<\/div>\n\t\t\t\t<\/div>\n\t\t\t\t<\/div>\n\t\t\t\t\t<\/div>\n\t\t\t\t<\/div>\n\t\t<div class=\"elementor-element elementor-element-a912a6a e-flex e-con-boxed e-con e-parent\" data-id=\"a912a6a\" data-element_type=\"container\" data-e-type=\"container\">\n\t\t\t\t\t<div class=\"e-con-inner\">\n\t\t\t\t<div class=\"elementor-element elementor-element-489c974 elementor-widget-divider--view-line elementor-widget elementor-widget-divider\" data-id=\"489c974\" data-element_type=\"widget\" data-e-type=\"widget\" data-widget_type=\"divider.default\">\n\t\t\t\t<div class=\"elementor-widget-container\">\n\t\t\t\t\t\t\t<div class=\"elementor-divider\">\n\t\t\t<span class=\"elementor-divider-separator\">\n\t\t\t\t\t\t<\/span>\n\t\t<\/div>\n\t\t\t\t\t\t<\/div>\n\t\t\t\t<\/div>\n\t\t\t\t\t<\/div>\n\t\t\t\t<\/div>\n\t\t<div class=\"elementor-element elementor-element-e562047 e-flex e-con-boxed e-con e-parent\" data-id=\"e562047\" data-element_type=\"container\" data-e-type=\"container\">\n\t\t\t\t\t<div class=\"e-con-inner\">\n\t\t<div class=\"elementor-element elementor-element-075af55 e-con-full e-flex e-con e-child\" data-id=\"075af55\" data-element_type=\"container\" data-e-type=\"container\">\n\t\t\t\t<div class=\"elementor-element elementor-element-d1ae672 elementor-widget elementor-widget-heading\" data-id=\"d1ae672\" data-element_type=\"widget\" data-e-type=\"widget\" data-widget_type=\"heading.default\">\n\t\t\t\t<div class=\"elementor-widget-container\">\n\t\t\t\t\t<h2 class=\"elementor-heading-title elementor-size-default\">T\u00c9CNICO EN<br>ALIMENTO<\/h2>\t\t\t\t<\/div>\n\t\t\t\t<\/div>\n\t\t\t\t<div class=\"elementor-element elementor-element-d6395bc elementor-widget elementor-widget-image\" data-id=\"d6395bc\" data-element_type=\"widget\" data-e-type=\"widget\" data-widget_type=\"image.default\">\n\t\t\t\t<div class=\"elementor-widget-container\">\n\t\t\t\t\t\t\t\t\t\t\t\t\t\t\t\t<a href=\"https:\/\/liceotomasburgos.cl\/sitio\/tec-alimentos\/\">\n\t\t\t\t\t\t\t<img decoding=\"async\" width=\"300\" height=\"300\" src=\"https:\/\/liceotomasburgos.cl\/sitio\/wp-content\/uploads\/2024\/04\/Portada-alimento.jpg\" class=\"attachment-medium size-medium wp-image-81\" alt=\"\" \/>\t\t\t\t\t\t\t\t<\/a>\n\t\t\t\t\t\t\t\t\t\t\t\t\t\t\t<\/div>\n\t\t\t\t<\/div>\n\t\t\t\t<\/div>\n\t\t<div class=\"elementor-element elementor-element-ce15e45 e-con-full e-flex e-con e-child\" data-id=\"ce15e45\" data-element_type=\"container\" data-e-type=\"container\">\n\t\t\t\t<div class=\"elementor-element elementor-element-42acb54 elementor-widget elementor-widget-heading\" data-id=\"42acb54\" data-element_type=\"widget\" data-e-type=\"widget\" data-widget_type=\"heading.default\">\n\t\t\t\t<div class=\"elementor-widget-container\">\n\t\t\t\t\t<h2 class=\"elementor-heading-title elementor-size-default\">T\u00c9CNICO EN CONSTRUCCI\u00d3N<\/h2>\t\t\t\t<\/div>\n\t\t\t\t<\/div>\n\t\t\t\t<div class=\"elementor-element elementor-element-cea2b97 elementor-widget elementor-widget-image\" data-id=\"cea2b97\" data-element_type=\"widget\" data-e-type=\"widget\" data-widget_type=\"image.default\">\n\t\t\t\t<div class=\"elementor-widget-container\">\n\t\t\t\t\t\t\t\t\t\t\t\t\t\t\t\t<a href=\"https:\/\/liceotomasburgos.cl\/sitio\/tec-en-construccion\/\">\n\t\t\t\t\t\t\t<img loading=\"lazy\" decoding=\"async\" width=\"300\" height=\"300\" src=\"https:\/\/liceotomasburgos.cl\/sitio\/wp-content\/uploads\/2024\/04\/Portada-construccion.jpg\" class=\"attachment-medium size-medium wp-image-82\" alt=\"\" \/>\t\t\t\t\t\t\t\t<\/a>\n\t\t\t\t\t\t\t\t\t\t\t\t\t\t\t<\/div>\n\t\t\t\t<\/div>\n\t\t\t\t<\/div>\n\t\t\t\t\t<\/div>\n\t\t\t\t<\/div>\n\t\t\t\t<\/div>\n\t\t","protected":false},"excerpt":{"rendered":"<p>\u00c1REA CIENTIFICO HUMANISTA T\u00c9CNICO EN ADMINISTRACI\u00d3N T\u00c9CNICO ENALIMENTO T\u00c9CNICO EN CONSTRUCCI\u00d3N<\/p>\n","protected":false},"author":1,"featured_media":0,"parent":0,"menu_order":0,"comment_status":"closed","ping_status":"closed","template":"","meta":{"footnotes":""},"class_list":["post-84","page","type-page","status-publish","hentry"],"yoast_head":"<!-- This site is optimized with the Yoast SEO plugin v27.3 - https:\/\/yoast.com\/product\/yoast-seo-wordpress\/ -->\n<title>Oferta acad\u00e9mica - Liceo Bicentenario Tomas Burgos Purranque<\/title>\n<meta name=\"robots\" content=\"index, follow, max-snippet:-1, max-image-preview:large, max-video-preview:-1\" \/>\n<link rel=\"canonical\" href=\"https:\/\/liceotomasburgos.cl\/sitio\/oferta-academica\/\" \/>\n<meta property=\"og:locale\" content=\"es_ES\" \/>\n<meta property=\"og:type\" content=\"article\" \/>\n<meta property=\"og:title\" content=\"Oferta acad\u00e9mica - Liceo Bicentenario Tomas Burgos Purranque\" \/>\n<meta property=\"og:description\" content=\"\u00c1REA CIENTIFICO HUMANISTA T\u00c9CNICO EN ADMINISTRACI\u00d3N T\u00c9CNICO ENALIMENTO T\u00c9CNICO EN CONSTRUCCI\u00d3N\" \/>\n<meta property=\"og:url\" content=\"https:\/\/liceotomasburgos.cl\/sitio\/oferta-academica\/\" \/>\n<meta property=\"og:site_name\" content=\"Liceo Bicentenario Tomas Burgos Purranque\" \/>\n<meta property=\"article:modified_time\" content=\"2024-04-12T18:34:33+00:00\" \/>\n<meta property=\"og:image\" content=\"https:\/\/liceotomasburgos.cl\/sitio\/wp-content\/uploads\/2024\/04\/Portada-cientifico.jpg\" \/>\n<meta name=\"twitter:card\" content=\"summary_large_image\" \/>\n<script type=\"application\/ld+json\" class=\"yoast-schema-graph\">{\"@context\":\"https:\\\/\\\/schema.org\",\"@graph\":[{\"@type\":\"WebPage\",\"@id\":\"https:\\\/\\\/liceotomasburgos.cl\\\/sitio\\\/oferta-academica\\\/\",\"url\":\"https:\\\/\\\/liceotomasburgos.cl\\\/sitio\\\/oferta-academica\\\/\",\"name\":\"Oferta acad\u00e9mica - Liceo Bicentenario Tomas Burgos Purranque\",\"isPartOf\":{\"@id\":\"https:\\\/\\\/liceotomasburgos.cl\\\/sitio\\\/#website\"},\"primaryImageOfPage\":{\"@id\":\"https:\\\/\\\/liceotomasburgos.cl\\\/sitio\\\/oferta-academica\\\/#primaryimage\"},\"image\":{\"@id\":\"https:\\\/\\\/liceotomasburgos.cl\\\/sitio\\\/oferta-academica\\\/#primaryimage\"},\"thumbnailUrl\":\"https:\\\/\\\/liceotomasburgos.cl\\\/sitio\\\/wp-content\\\/uploads\\\/2024\\\/04\\\/Portada-cientifico.jpg\",\"datePublished\":\"2024-04-09T18:32:51+00:00\",\"dateModified\":\"2024-04-12T18:34:33+00:00\",\"breadcrumb\":{\"@id\":\"https:\\\/\\\/liceotomasburgos.cl\\\/sitio\\\/oferta-academica\\\/#breadcrumb\"},\"inLanguage\":\"es-CL\",\"potentialAction\":[{\"@type\":\"ReadAction\",\"target\":[\"https:\\\/\\\/liceotomasburgos.cl\\\/sitio\\\/oferta-academica\\\/\"]}]},{\"@type\":\"ImageObject\",\"inLanguage\":\"es-CL\",\"@id\":\"https:\\\/\\\/liceotomasburgos.cl\\\/sitio\\\/oferta-academica\\\/#primaryimage\",\"url\":\"https:\\\/\\\/liceotomasburgos.cl\\\/sitio\\\/wp-content\\\/uploads\\\/2024\\\/04\\\/Portada-cientifico.jpg\",\"contentUrl\":\"https:\\\/\\\/liceotomasburgos.cl\\\/sitio\\\/wp-content\\\/uploads\\\/2024\\\/04\\\/Portada-cientifico.jpg\",\"width\":1200,\"height\":1200},{\"@type\":\"BreadcrumbList\",\"@id\":\"https:\\\/\\\/liceotomasburgos.cl\\\/sitio\\\/oferta-academica\\\/#breadcrumb\",\"itemListElement\":[{\"@type\":\"ListItem\",\"position\":1,\"name\":\"Portada\",\"item\":\"https:\\\/\\\/liceotomasburgos.cl\\\/sitio\\\/\"},{\"@type\":\"ListItem\",\"position\":2,\"name\":\"Oferta acad\u00e9mica\"}]},{\"@type\":\"WebSite\",\"@id\":\"https:\\\/\\\/liceotomasburgos.cl\\\/sitio\\\/#website\",\"url\":\"https:\\\/\\\/liceotomasburgos.cl\\\/sitio\\\/\",\"name\":\"Liceo Bicentenario Tomas Burgos Purranque\",\"description\":\"\",\"publisher\":{\"@id\":\"https:\\\/\\\/liceotomasburgos.cl\\\/sitio\\\/#organization\"},\"alternateName\":\"Liceo Purranque\",\"potentialAction\":[{\"@type\":\"SearchAction\",\"target\":{\"@type\":\"EntryPoint\",\"urlTemplate\":\"https:\\\/\\\/liceotomasburgos.cl\\\/sitio\\\/?s={search_term_string}\"},\"query-input\":{\"@type\":\"PropertyValueSpecification\",\"valueRequired\":true,\"valueName\":\"search_term_string\"}}],\"inLanguage\":\"es-CL\"},{\"@type\":\"Organization\",\"@id\":\"https:\\\/\\\/liceotomasburgos.cl\\\/sitio\\\/#organization\",\"name\":\"Liceo Bicentenario Tomas Burgos Purranque\",\"url\":\"https:\\\/\\\/liceotomasburgos.cl\\\/sitio\\\/\",\"logo\":{\"@type\":\"ImageObject\",\"inLanguage\":\"es-CL\",\"@id\":\"https:\\\/\\\/liceotomasburgos.cl\\\/sitio\\\/#\\\/schema\\\/logo\\\/image\\\/\",\"url\":\"https:\\\/\\\/liceotomasburgos.cl\\\/sitio\\\/wp-content\\\/uploads\\\/2024\\\/04\\\/LOGO-CON-VOLUMEN-25-X-25-CM-300-DPI-1.png\",\"contentUrl\":\"https:\\\/\\\/liceotomasburgos.cl\\\/sitio\\\/wp-content\\\/uploads\\\/2024\\\/04\\\/LOGO-CON-VOLUMEN-25-X-25-CM-300-DPI-1.png\",\"width\":3050,\"height\":3060,\"caption\":\"Liceo Bicentenario Tomas Burgos Purranque\"},\"image\":{\"@id\":\"https:\\\/\\\/liceotomasburgos.cl\\\/sitio\\\/#\\\/schema\\\/logo\\\/image\\\/\"}}]}<\/script>\n<!-- \/ Yoast SEO plugin. -->","yoast_head_json":{"title":"Oferta acad\u00e9mica - Liceo Bicentenario Tomas Burgos Purranque","robots":{"index":"index","follow":"follow","max-snippet":"max-snippet:-1","max-image-preview":"max-image-preview:large","max-video-preview":"max-video-preview:-1"},"canonical":"https:\/\/liceotomasburgos.cl\/sitio\/oferta-academica\/","og_locale":"es_ES","og_type":"article","og_title":"Oferta acad\u00e9mica - Liceo Bicentenario Tomas Burgos Purranque","og_description":"\u00c1REA CIENTIFICO HUMANISTA T\u00c9CNICO EN ADMINISTRACI\u00d3N T\u00c9CNICO ENALIMENTO T\u00c9CNICO EN CONSTRUCCI\u00d3N","og_url":"https:\/\/liceotomasburgos.cl\/sitio\/oferta-academica\/","og_site_name":"Liceo Bicentenario Tomas Burgos Purranque","article_modified_time":"2024-04-12T18:34:33+00:00","og_image":[{"url":"https:\/\/liceotomasburgos.cl\/sitio\/wp-content\/uploads\/2024\/04\/Portada-cientifico.jpg","type":"","width":"","height":""}],"twitter_card":"summary_large_image","schema":{"@context":"https:\/\/schema.org","@graph":[{"@type":"WebPage","@id":"https:\/\/liceotomasburgos.cl\/sitio\/oferta-academica\/","url":"https:\/\/liceotomasburgos.cl\/sitio\/oferta-academica\/","name":"Oferta acad\u00e9mica - Liceo Bicentenario Tomas Burgos Purranque","isPartOf":{"@id":"https:\/\/liceotomasburgos.cl\/sitio\/#website"},"primaryImageOfPage":{"@id":"https:\/\/liceotomasburgos.cl\/sitio\/oferta-academica\/#primaryimage"},"image":{"@id":"https:\/\/liceotomasburgos.cl\/sitio\/oferta-academica\/#primaryimage"},"thumbnailUrl":"https:\/\/liceotomasburgos.cl\/sitio\/wp-content\/uploads\/2024\/04\/Portada-cientifico.jpg","datePublished":"2024-04-09T18:32:51+00:00","dateModified":"2024-04-12T18:34:33+00:00","breadcrumb":{"@id":"https:\/\/liceotomasburgos.cl\/sitio\/oferta-academica\/#breadcrumb"},"inLanguage":"es-CL","potentialAction":[{"@type":"ReadAction","target":["https:\/\/liceotomasburgos.cl\/sitio\/oferta-academica\/"]}]},{"@type":"ImageObject","inLanguage":"es-CL","@id":"https:\/\/liceotomasburgos.cl\/sitio\/oferta-academica\/#primaryimage","url":"https:\/\/liceotomasburgos.cl\/sitio\/wp-content\/uploads\/2024\/04\/Portada-cientifico.jpg","contentUrl":"https:\/\/liceotomasburgos.cl\/sitio\/wp-content\/uploads\/2024\/04\/Portada-cientifico.jpg","width":1200,"height":1200},{"@type":"BreadcrumbList","@id":"https:\/\/liceotomasburgos.cl\/sitio\/oferta-academica\/#breadcrumb","itemListElement":[{"@type":"ListItem","position":1,"name":"Portada","item":"https:\/\/liceotomasburgos.cl\/sitio\/"},{"@type":"ListItem","position":2,"name":"Oferta acad\u00e9mica"}]},{"@type":"WebSite","@id":"https:\/\/liceotomasburgos.cl\/sitio\/#website","url":"https:\/\/liceotomasburgos.cl\/sitio\/","name":"Liceo Bicentenario Tomas Burgos Purranque","description":"","publisher":{"@id":"https:\/\/liceotomasburgos.cl\/sitio\/#organization"},"alternateName":"Liceo Purranque","potentialAction":[{"@type":"SearchAction","target":{"@type":"EntryPoint","urlTemplate":"https:\/\/liceotomasburgos.cl\/sitio\/?s={search_term_string}"},"query-input":{"@type":"PropertyValueSpecification","valueRequired":true,"valueName":"search_term_string"}}],"inLanguage":"es-CL"},{"@type":"Organization","@id":"https:\/\/liceotomasburgos.cl\/sitio\/#organization","name":"Liceo Bicentenario Tomas Burgos Purranque","url":"https:\/\/liceotomasburgos.cl\/sitio\/","logo":{"@type":"ImageObject","inLanguage":"es-CL","@id":"https:\/\/liceotomasburgos.cl\/sitio\/#\/schema\/logo\/image\/","url":"https:\/\/liceotomasburgos.cl\/sitio\/wp-content\/uploads\/2024\/04\/LOGO-CON-VOLUMEN-25-X-25-CM-300-DPI-1.png","contentUrl":"https:\/\/liceotomasburgos.cl\/sitio\/wp-content\/uploads\/2024\/04\/LOGO-CON-VOLUMEN-25-X-25-CM-300-DPI-1.png","width":3050,"height":3060,"caption":"Liceo Bicentenario Tomas Burgos Purranque"},"image":{"@id":"https:\/\/liceotomasburgos.cl\/sitio\/#\/schema\/logo\/image\/"}}]}},"_links":{"self":[{"href":"https:\/\/liceotomasburgos.cl\/sitio\/wp-json\/wp\/v2\/pages\/84","targetHints":{"allow":["GET"]}}],"collection":[{"href":"https:\/\/liceotomasburgos.cl\/sitio\/wp-json\/wp\/v2\/pages"}],"about":[{"href":"https:\/\/liceotomasburgos.cl\/sitio\/wp-json\/wp\/v2\/types\/page"}],"author":[{"embeddable":true,"href":"https:\/\/liceotomasburgos.cl\/sitio\/wp-json\/wp\/v2\/users\/1"}],"replies":[{"embeddable":true,"href":"https:\/\/liceotomasburgos.cl\/sitio\/wp-json\/wp\/v2\/comments?post=84"}],"version-history":[{"count":34,"href":"https:\/\/liceotomasburgos.cl\/sitio\/wp-json\/wp\/v2\/pages\/84\/revisions"}],"predecessor-version":[{"id":443,"href":"https:\/\/liceotomasburgos.cl\/sitio\/wp-json\/wp\/v2\/pages\/84\/revisions\/443"}],"wp:attachment":[{"href":"https:\/\/liceotomasburgos.cl\/sitio\/wp-json\/wp\/v2\/media?parent=84"}],"curies":[{"name":"wp","href":"https:\/\/api.w.org\/{rel}","templated":true}]}}