{"id":23,"date":"2024-04-09T13:42:14","date_gmt":"2024-04-09T16:42:14","guid":{"rendered":"https:\/\/liceotomasburgos.cl\/sitio\/?page_id=23"},"modified":"2024-04-10T11:10:44","modified_gmt":"2024-04-10T14:10:44","slug":"vision-y-mision","status":"publish","type":"page","link":"https:\/\/liceotomasburgos.cl\/sitio\/vision-y-mision\/","title":{"rendered":"Visi\u00f3n y Misi\u00f3n"},"content":{"rendered":"\t\t<div data-elementor-type=\"wp-page\" data-elementor-id=\"23\" class=\"elementor elementor-23\">\n\t\t\t\t<div class=\"elementor-element elementor-element-cec6a76 e-flex e-con-boxed e-con e-parent\" data-id=\"cec6a76\" data-element_type=\"container\" data-e-type=\"container\">\n\t\t\t\t\t<div class=\"e-con-inner\">\n\t\t\t\t<div class=\"elementor-element elementor-element-7435f38 elementor-widget elementor-widget-heading\" data-id=\"7435f38\" data-element_type=\"widget\" data-e-type=\"widget\" data-widget_type=\"heading.default\">\n\t\t\t\t<div class=\"elementor-widget-container\">\n\t\t\t\t\t<h2 class=\"elementor-heading-title elementor-size-default\">NUESTRA VISI\u00d3N<\/h2>\t\t\t\t<\/div>\n\t\t\t\t<\/div>\n\t\t\t\t\t<\/div>\n\t\t\t\t<\/div>\n\t\t<div class=\"elementor-element elementor-element-9b40879 e-flex e-con-boxed e-con e-parent\" data-id=\"9b40879\" data-element_type=\"container\" data-e-type=\"container\">\n\t\t\t\t\t<div class=\"e-con-inner\">\n\t\t\t\t<div class=\"elementor-element elementor-element-f7d03d3 elementor-widget elementor-widget-text-editor\" data-id=\"f7d03d3\" data-element_type=\"widget\" data-e-type=\"widget\" data-widget_type=\"text-editor.default\">\n\t\t\t\t<div class=\"elementor-widget-container\">\n\t\t\t\t\t\t\t\t\t<p>El Liceo Bicentenario Tom\u00e1s Burgos aspira a ser un referente en la formaci\u00f3n personal y acad\u00e9mica de los j\u00f3venes en las \u00e1reas cient\u00edfico humanista y t\u00e9cnico profesional, con habilidades, competencias y valores para enfrentar los desaf\u00edos del Siglo XXI en el mundo acad\u00e9mico, laboral y social.<\/p>\t\t\t\t\t\t\t\t<\/div>\n\t\t\t\t<\/div>\n\t\t\t\t\t<\/div>\n\t\t\t\t<\/div>\n\t\t<div class=\"elementor-element elementor-element-6a9d47d e-flex e-con-boxed e-con e-parent\" data-id=\"6a9d47d\" data-element_type=\"container\" data-e-type=\"container\">\n\t\t\t\t\t<div class=\"e-con-inner\">\n\t\t\t\t<div class=\"elementor-element elementor-element-1312bd3 elementor-widget elementor-widget-heading\" data-id=\"1312bd3\" data-element_type=\"widget\" data-e-type=\"widget\" data-widget_type=\"heading.default\">\n\t\t\t\t<div class=\"elementor-widget-container\">\n\t\t\t\t\t<h2 class=\"elementor-heading-title elementor-size-default\">NUESTRA MISI\u00d3N<\/h2>\t\t\t\t<\/div>\n\t\t\t\t<\/div>\n\t\t\t\t\t<\/div>\n\t\t\t\t<\/div>\n\t\t<div class=\"elementor-element elementor-element-4fcffd9 e-flex e-con-boxed e-con e-parent\" data-id=\"4fcffd9\" data-element_type=\"container\" data-e-type=\"container\">\n\t\t\t\t\t<div class=\"e-con-inner\">\n\t\t\t\t<div class=\"elementor-element elementor-element-07d17a6 elementor-widget elementor-widget-text-editor\" data-id=\"07d17a6\" data-element_type=\"widget\" data-e-type=\"widget\" data-widget_type=\"text-editor.default\">\n\t\t\t\t<div class=\"elementor-widget-container\">\n\t\t\t\t\t\t\t\t\t<p>Somos una instituci\u00f3n educativa que ofrece una formaci\u00f3n inclusiva a los j\u00f3venes de la regi\u00f3n de Los Lagos que cursan Ense\u00f1anza Media Cient\u00edfico Humanista y T\u00e9cnico Profesional, a trav\u00e9s de actividades formativas que fomentan el cuidado del medio ambiente, el trabajo colaborativo y la valoraci\u00f3n por el cuidado f\u00edsico, socioemocional y la sana convivencia, con el prop\u00f3sito de formar ciudadanos responsables, cr\u00edticos y comprometidos con la sociedad y el entorno, promoviendo los valores institucionales y desarrollando habilidades y conocimientos que les permitan enfrentar los desaf\u00edos del mundo actual.<\/p>\t\t\t\t\t\t\t\t<\/div>\n\t\t\t\t<\/div>\n\t\t\t\t\t<\/div>\n\t\t\t\t<\/div>\n\t\t<div class=\"elementor-element elementor-element-2178a7e e-flex e-con-boxed e-con e-parent\" data-id=\"2178a7e\" data-element_type=\"container\" data-e-type=\"container\">\n\t\t\t\t\t<div class=\"e-con-inner\">\n\t\t\t\t<div class=\"elementor-element elementor-element-66e7ff0 elementor-widget-divider--separator-type-pattern elementor-widget-divider--view-line elementor-widget elementor-widget-divider\" data-id=\"66e7ff0\" data-element_type=\"widget\" data-e-type=\"widget\" data-widget_type=\"divider.default\">\n\t\t\t\t<div class=\"elementor-widget-container\">\n\t\t\t\t\t\t\t<div class=\"elementor-divider\" style=\"--divider-pattern-url: url(&quot;data:image\/svg+xml,%3Csvg xmlns=&#039;http:\/\/www.w3.org\/2000\/svg&#039; preserveAspectRatio=&#039;none&#039; overflow=&#039;visible&#039; height=&#039;100%&#039; viewBox=&#039;0 0 24 24&#039; fill=&#039;none&#039; stroke=&#039;black&#039; stroke-width=&#039;1&#039; stroke-linecap=&#039;square&#039; stroke-miterlimit=&#039;10&#039;%3E%3Cpath d=&#039;M0,21c3.3,0,8.3-0.9,15.7-7.1c6.6-5.4,4.4-9.3,2.4-10.3c-3.4-1.8-7.7,1.3-7.3,8.8C11.2,20,17.1,21,24,21&#039;\/%3E%3C\/svg%3E&quot;);\">\n\t\t\t<span class=\"elementor-divider-separator\">\n\t\t\t\t\t\t<\/span>\n\t\t<\/div>\n\t\t\t\t\t\t<\/div>\n\t\t\t\t<\/div>\n\t\t\t\t\t<\/div>\n\t\t\t\t<\/div>\n\t\t\t\t<\/div>\n\t\t","protected":false},"excerpt":{"rendered":"<p>NUESTRA VISI\u00d3N El Liceo Bicentenario Tom\u00e1s Burgos aspira a ser un referente en la formaci\u00f3n personal y acad\u00e9mica de los j\u00f3venes en las \u00e1reas cient\u00edfico humanista y t\u00e9cnico profesional, con habilidades, competencias y valores para enfrentar los desaf\u00edos del Siglo XXI en el mundo acad\u00e9mico, laboral y social. NUESTRA MISI\u00d3N Somos una instituci\u00f3n educativa que [&hellip;]<\/p>\n","protected":false},"author":1,"featured_media":0,"parent":0,"menu_order":0,"comment_status":"closed","ping_status":"closed","template":"","meta":{"footnotes":""},"class_list":["post-23","page","type-page","status-publish","hentry"],"yoast_head":"<!-- This site is optimized with the Yoast SEO plugin v27.3 - https:\/\/yoast.com\/product\/yoast-seo-wordpress\/ -->\n<title>Visi\u00f3n y Misi\u00f3n - Liceo Bicentenario Tomas Burgos Purranque<\/title>\n<meta name=\"robots\" content=\"index, follow, max-snippet:-1, max-image-preview:large, max-video-preview:-1\" \/>\n<link rel=\"canonical\" href=\"https:\/\/liceotomasburgos.cl\/sitio\/vision-y-mision\/\" \/>\n<meta property=\"og:locale\" content=\"es_ES\" \/>\n<meta property=\"og:type\" content=\"article\" \/>\n<meta property=\"og:title\" content=\"Visi\u00f3n y Misi\u00f3n - Liceo Bicentenario Tomas Burgos Purranque\" \/>\n<meta property=\"og:description\" content=\"NUESTRA VISI\u00d3N El Liceo Bicentenario Tom\u00e1s Burgos aspira a ser un referente en la formaci\u00f3n personal y acad\u00e9mica de los j\u00f3venes en las \u00e1reas cient\u00edfico humanista y t\u00e9cnico profesional, con habilidades, competencias y valores para enfrentar los desaf\u00edos del Siglo XXI en el mundo acad\u00e9mico, laboral y social. NUESTRA MISI\u00d3N Somos una instituci\u00f3n educativa que [&hellip;]\" \/>\n<meta property=\"og:url\" content=\"https:\/\/liceotomasburgos.cl\/sitio\/vision-y-mision\/\" \/>\n<meta property=\"og:site_name\" content=\"Liceo Bicentenario Tomas Burgos Purranque\" \/>\n<meta property=\"article:modified_time\" content=\"2024-04-10T14:10:44+00:00\" \/>\n<meta property=\"og:image\" content=\"https:\/\/liceotomasburgos.cl\/sitio\/wp-content\/uploads\/2024\/04\/LOGO-CON-VOLUMEN-25-X-25-CM-300-DPI-1.png\" \/>\n\t<meta property=\"og:image:width\" content=\"3050\" \/>\n\t<meta property=\"og:image:height\" content=\"3060\" \/>\n\t<meta property=\"og:image:type\" content=\"image\/png\" \/>\n<meta name=\"twitter:card\" content=\"summary_large_image\" \/>\n<meta name=\"twitter:label1\" content=\"Tiempo estimado de lectura\" \/>\n\t<meta name=\"twitter:data1\" content=\"1 minuto\" \/>\n<script type=\"application\/ld+json\" class=\"yoast-schema-graph\">{\"@context\":\"https:\\\/\\\/schema.org\",\"@graph\":[{\"@type\":\"WebPage\",\"@id\":\"https:\\\/\\\/liceotomasburgos.cl\\\/sitio\\\/vision-y-mision\\\/\",\"url\":\"https:\\\/\\\/liceotomasburgos.cl\\\/sitio\\\/vision-y-mision\\\/\",\"name\":\"Visi\u00f3n y Misi\u00f3n - Liceo Bicentenario Tomas Burgos Purranque\",\"isPartOf\":{\"@id\":\"https:\\\/\\\/liceotomasburgos.cl\\\/sitio\\\/#website\"},\"datePublished\":\"2024-04-09T16:42:14+00:00\",\"dateModified\":\"2024-04-10T14:10:44+00:00\",\"breadcrumb\":{\"@id\":\"https:\\\/\\\/liceotomasburgos.cl\\\/sitio\\\/vision-y-mision\\\/#breadcrumb\"},\"inLanguage\":\"es-CL\",\"potentialAction\":[{\"@type\":\"ReadAction\",\"target\":[\"https:\\\/\\\/liceotomasburgos.cl\\\/sitio\\\/vision-y-mision\\\/\"]}]},{\"@type\":\"BreadcrumbList\",\"@id\":\"https:\\\/\\\/liceotomasburgos.cl\\\/sitio\\\/vision-y-mision\\\/#breadcrumb\",\"itemListElement\":[{\"@type\":\"ListItem\",\"position\":1,\"name\":\"Portada\",\"item\":\"https:\\\/\\\/liceotomasburgos.cl\\\/sitio\\\/\"},{\"@type\":\"ListItem\",\"position\":2,\"name\":\"Visi\u00f3n y Misi\u00f3n\"}]},{\"@type\":\"WebSite\",\"@id\":\"https:\\\/\\\/liceotomasburgos.cl\\\/sitio\\\/#website\",\"url\":\"https:\\\/\\\/liceotomasburgos.cl\\\/sitio\\\/\",\"name\":\"Liceo Bicentenario Tomas Burgos Purranque\",\"description\":\"\",\"publisher\":{\"@id\":\"https:\\\/\\\/liceotomasburgos.cl\\\/sitio\\\/#organization\"},\"alternateName\":\"Liceo Purranque\",\"potentialAction\":[{\"@type\":\"SearchAction\",\"target\":{\"@type\":\"EntryPoint\",\"urlTemplate\":\"https:\\\/\\\/liceotomasburgos.cl\\\/sitio\\\/?s={search_term_string}\"},\"query-input\":{\"@type\":\"PropertyValueSpecification\",\"valueRequired\":true,\"valueName\":\"search_term_string\"}}],\"inLanguage\":\"es-CL\"},{\"@type\":\"Organization\",\"@id\":\"https:\\\/\\\/liceotomasburgos.cl\\\/sitio\\\/#organization\",\"name\":\"Liceo Bicentenario Tomas Burgos Purranque\",\"url\":\"https:\\\/\\\/liceotomasburgos.cl\\\/sitio\\\/\",\"logo\":{\"@type\":\"ImageObject\",\"inLanguage\":\"es-CL\",\"@id\":\"https:\\\/\\\/liceotomasburgos.cl\\\/sitio\\\/#\\\/schema\\\/logo\\\/image\\\/\",\"url\":\"https:\\\/\\\/liceotomasburgos.cl\\\/sitio\\\/wp-content\\\/uploads\\\/2024\\\/04\\\/LOGO-CON-VOLUMEN-25-X-25-CM-300-DPI-1.png\",\"contentUrl\":\"https:\\\/\\\/liceotomasburgos.cl\\\/sitio\\\/wp-content\\\/uploads\\\/2024\\\/04\\\/LOGO-CON-VOLUMEN-25-X-25-CM-300-DPI-1.png\",\"width\":3050,\"height\":3060,\"caption\":\"Liceo Bicentenario Tomas Burgos Purranque\"},\"image\":{\"@id\":\"https:\\\/\\\/liceotomasburgos.cl\\\/sitio\\\/#\\\/schema\\\/logo\\\/image\\\/\"}}]}<\/script>\n<!-- \/ Yoast SEO plugin. -->","yoast_head_json":{"title":"Visi\u00f3n y Misi\u00f3n - Liceo Bicentenario Tomas Burgos Purranque","robots":{"index":"index","follow":"follow","max-snippet":"max-snippet:-1","max-image-preview":"max-image-preview:large","max-video-preview":"max-video-preview:-1"},"canonical":"https:\/\/liceotomasburgos.cl\/sitio\/vision-y-mision\/","og_locale":"es_ES","og_type":"article","og_title":"Visi\u00f3n y Misi\u00f3n - Liceo Bicentenario Tomas Burgos Purranque","og_description":"NUESTRA VISI\u00d3N El Liceo Bicentenario Tom\u00e1s Burgos aspira a ser un referente en la formaci\u00f3n personal y acad\u00e9mica de los j\u00f3venes en las \u00e1reas cient\u00edfico humanista y t\u00e9cnico profesional, con habilidades, competencias y valores para enfrentar los desaf\u00edos del Siglo XXI en el mundo acad\u00e9mico, laboral y social. NUESTRA MISI\u00d3N Somos una instituci\u00f3n educativa que [&hellip;]","og_url":"https:\/\/liceotomasburgos.cl\/sitio\/vision-y-mision\/","og_site_name":"Liceo Bicentenario Tomas Burgos Purranque","article_modified_time":"2024-04-10T14:10:44+00:00","og_image":[{"width":3050,"height":3060,"url":"https:\/\/liceotomasburgos.cl\/sitio\/wp-content\/uploads\/2024\/04\/LOGO-CON-VOLUMEN-25-X-25-CM-300-DPI-1.png","type":"image\/png"}],"twitter_card":"summary_large_image","twitter_misc":{"Tiempo estimado de lectura":"1 minuto"},"schema":{"@context":"https:\/\/schema.org","@graph":[{"@type":"WebPage","@id":"https:\/\/liceotomasburgos.cl\/sitio\/vision-y-mision\/","url":"https:\/\/liceotomasburgos.cl\/sitio\/vision-y-mision\/","name":"Visi\u00f3n y Misi\u00f3n - Liceo Bicentenario Tomas Burgos Purranque","isPartOf":{"@id":"https:\/\/liceotomasburgos.cl\/sitio\/#website"},"datePublished":"2024-04-09T16:42:14+00:00","dateModified":"2024-04-10T14:10:44+00:00","breadcrumb":{"@id":"https:\/\/liceotomasburgos.cl\/sitio\/vision-y-mision\/#breadcrumb"},"inLanguage":"es-CL","potentialAction":[{"@type":"ReadAction","target":["https:\/\/liceotomasburgos.cl\/sitio\/vision-y-mision\/"]}]},{"@type":"BreadcrumbList","@id":"https:\/\/liceotomasburgos.cl\/sitio\/vision-y-mision\/#breadcrumb","itemListElement":[{"@type":"ListItem","position":1,"name":"Portada","item":"https:\/\/liceotomasburgos.cl\/sitio\/"},{"@type":"ListItem","position":2,"name":"Visi\u00f3n y Misi\u00f3n"}]},{"@type":"WebSite","@id":"https:\/\/liceotomasburgos.cl\/sitio\/#website","url":"https:\/\/liceotomasburgos.cl\/sitio\/","name":"Liceo Bicentenario Tomas Burgos Purranque","description":"","publisher":{"@id":"https:\/\/liceotomasburgos.cl\/sitio\/#organization"},"alternateName":"Liceo Purranque","potentialAction":[{"@type":"SearchAction","target":{"@type":"EntryPoint","urlTemplate":"https:\/\/liceotomasburgos.cl\/sitio\/?s={search_term_string}"},"query-input":{"@type":"PropertyValueSpecification","valueRequired":true,"valueName":"search_term_string"}}],"inLanguage":"es-CL"},{"@type":"Organization","@id":"https:\/\/liceotomasburgos.cl\/sitio\/#organization","name":"Liceo Bicentenario Tomas Burgos Purranque","url":"https:\/\/liceotomasburgos.cl\/sitio\/","logo":{"@type":"ImageObject","inLanguage":"es-CL","@id":"https:\/\/liceotomasburgos.cl\/sitio\/#\/schema\/logo\/image\/","url":"https:\/\/liceotomasburgos.cl\/sitio\/wp-content\/uploads\/2024\/04\/LOGO-CON-VOLUMEN-25-X-25-CM-300-DPI-1.png","contentUrl":"https:\/\/liceotomasburgos.cl\/sitio\/wp-content\/uploads\/2024\/04\/LOGO-CON-VOLUMEN-25-X-25-CM-300-DPI-1.png","width":3050,"height":3060,"caption":"Liceo Bicentenario Tomas Burgos Purranque"},"image":{"@id":"https:\/\/liceotomasburgos.cl\/sitio\/#\/schema\/logo\/image\/"}}]}},"_links":{"self":[{"href":"https:\/\/liceotomasburgos.cl\/sitio\/wp-json\/wp\/v2\/pages\/23","targetHints":{"allow":["GET"]}}],"collection":[{"href":"https:\/\/liceotomasburgos.cl\/sitio\/wp-json\/wp\/v2\/pages"}],"about":[{"href":"https:\/\/liceotomasburgos.cl\/sitio\/wp-json\/wp\/v2\/types\/page"}],"author":[{"embeddable":true,"href":"https:\/\/liceotomasburgos.cl\/sitio\/wp-json\/wp\/v2\/users\/1"}],"replies":[{"embeddable":true,"href":"https:\/\/liceotomasburgos.cl\/sitio\/wp-json\/wp\/v2\/comments?post=23"}],"version-history":[{"count":28,"href":"https:\/\/liceotomasburgos.cl\/sitio\/wp-json\/wp\/v2\/pages\/23\/revisions"}],"predecessor-version":[{"id":130,"href":"https:\/\/liceotomasburgos.cl\/sitio\/wp-json\/wp\/v2\/pages\/23\/revisions\/130"}],"wp:attachment":[{"href":"https:\/\/liceotomasburgos.cl\/sitio\/wp-json\/wp\/v2\/media?parent=23"}],"curies":[{"name":"wp","href":"https:\/\/api.w.org\/{rel}","templated":true}]}}